{"id":3,"date":"2018-07-05T20:51:30","date_gmt":"2018-07-05T20:51:30","guid":{"rendered":"http:\/\/www.kirafranch.com\/?page_id=3"},"modified":"2020-05-13T12:39:01","modified_gmt":"2020-05-13T10:39:01","slug":"politica-privacidad","status":"publish","type":"page","link":"https:\/\/www.kirafranch.com\/es\/politica-privacidad\/","title":{"rendered":"Pol\u00edtica de privacidad"},"content":{"rendered":"<div class=\"wpb-content-wrapper\"><p>[vc_row css_animation=\u00bbelement_from_fade\u00bb row_type=\u00bbrow\u00bb use_row_as_full_screen_section=\u00bbno\u00bb type=\u00bbgrid\u00bb angled_section=\u00bbno\u00bb text_align=\u00bbleft\u00bb background_image_as_pattern=\u00bbwithout_pattern\u00bb el_class=\u00bbwelcome\u00bb z_index=\u00bb\u00bb][vc_column][vc_column_text]Bienvenidos a un nuevo espacio de odontolog\u00eda integrativa y personalizada donde tu salud es nuestra prioridad[\/vc_column_text][\/vc_column][\/vc_row][vc_row css_animation=\u00bbelement_from_fade\u00bb row_type=\u00bbrow\u00bb use_row_as_full_screen_section=\u00bbno\u00bb type=\u00bbgrid\u00bb angled_section=\u00bbno\u00bb text_align=\u00bbleft\u00bb background_image_as_pattern=\u00bbwithout_pattern\u00bb padding_top=\u00bb40&#8243; padding_bottom=\u00bb40&#8243; z_index=\u00bb\u00bb][vc_column][vc_column_text]<strong>1.- Informaci\u00f3n al Usuario<\/strong><\/p>\n<p>KIRA FRANCH informa a los usuarios del sitio web sobre su pol\u00edtica respecto del tratamiento y protecci\u00f3n de los datos de car\u00e1cter personal de los usuarios y clientes que se puedan recoger para navegar a trav\u00e9s de su sitio web.<\/p>\n<p>KIRA FRANCH es el Responsable del tratamiento de los datos personales del Usuario, por lo que se le facilita la siguiente informaci\u00f3n referente al tratamiento de sus datos:<\/p>\n<p><strong>Finalidad del tratamiento de sus datos:<\/strong> mantener una relaci\u00f3n comercial con el Usuario. Las operaciones previstas para realizar el tratamiento son:<\/p>\n<p>\u2013 Remisi\u00f3n de comunicaciones comerciales publicitarias por e-mail, fax, SMS, MMS, redes sociales o cualquier otro medio electr\u00f3nico o f\u00edsico, presente o futuro, que posibilite realizar comunicaciones comerciales. Estas comunicaciones ser\u00e1n realizadas por KIRA FRANCH y relacionadas con sus productos y servicios, o con los de sus colaboradores o proveedores con los que \u00e9ste haya alcanzado alg\u00fan acuerdo de promoci\u00f3n. En este caso, los terceros nunca tendr\u00e1n acceso a los datos personales.<\/p>\n<p>\u2013 Tramitar encargos de peticiones o cualquier tipo de petici\u00f3n que sea realizada por el usuario a trav\u00e9s de cualquiera de las formas de contacto que se ponen a su disposici\u00f3n.<\/p>\n<p>\u2013 Remitir el bolet\u00edn de noticias de la p\u00e1gina web.<\/p>\n<p><strong>Criterios de conservaci\u00f3n de los datos:<\/strong>\u00a0Los datos personales proporcionados se conservar\u00e1n hasta que no se solicite la suspensi\u00f3n por parte del interesado, ejerciendo sus derechos sobre los datos, y en cualquier caso en cumplimiento de t\u00e9rminos legales de prescripci\u00f3n que le sean aplicables.<\/p>\n<p><strong>Comunicaci\u00f3n o sesi\u00f3n de los datos:<\/strong>\u00a0Sus datos se trataran por KIRA FRANCH , para colaboradores y prestadores de servicios.<\/p>\n<p><strong>Derechos que asisten al Usuario:<br \/>\n<\/strong><\/p>\n<p>\u2013 Derecho a retirar el consentimiento en cualquier momento.<\/p>\n<p>\u2013 Derecho de acceso, rectificaci\u00f3n, supresi\u00f3n, portabilidad de sus datos y de la limitaci\u00f3n u oposici\u00f3n de su tratamiento, as\u00ed como no ser objeto de decisiones individuales automatizadas.<\/p>\n<p><strong>Datos de contacto para ejercer sus derechos:\u00a0<\/strong><\/p>\n<p>Debe identificar debidamente y solicitar claramente el derecho a ejercer.<\/p>\n<p>\u2013 Direcci\u00f3n postal: Rambla de Rafael Casanovas, 2 &#8211; 08213 Poliny\u00e0<br \/>\n\u2013 Correo electr\u00f3nico:<a href=\"mailto:clinicadentalkirafranch@hotmail.com\">clinicadentalkirafranch@hotmail.com<\/a><\/p>\n<p><strong>2.- Informaci\u00f3n facilitada por el usuario<\/strong><\/p>\n<p>Si eres menor de 18 a\u00f1os no est\u00e1 permitido el uso de formularios en nuestra web.<\/p>\n<p>Los Usuarios, en introducir sus datos en los formularios de contacte o presentados en formularios de descarga, aceptan expresamente y de forma libre y inequ\u00edvoca, que sus datos son necesarios para atender su petici\u00f3n, por parte del responsable, y que es voluntaria la inclusi\u00f3n de datos en los campos restantes.<\/p>\n<p>El Usuario garantiza que los datos personales facilitados al prestador son veraces y se hace responsable de comunicarle cualquier modificaci\u00f3n.<\/p>\n<p>Todos los datos solicitados a trav\u00e9s del sitio web son necesarios para prestar un servicio \u00f3ptimo al usuario. En caso que no sean facilitados todos los datos, no se garantiza que la informaci\u00f3n y los servicios que El responsable le facilite, sean completamente ajustados a sus necesidades.<\/p>\n<p><strong>3. Medidas de seguridad<\/strong><\/p>\n<p>Que de conformidad con lo que disponen las normativas vigentes en materia de protecci\u00f3n de datos personales, El responsable est\u00e1 cumpliendo con todas las disposiciones de las normativas RGPD y LOPD para el tratamiento de los datos personales de su responsabilidad, y manifiestamente con los principios descritos en el art\u00edculo 5 del RGPD y en el art\u00edculo de la LOPD, por los cuales son tratados de manera l\u00edcita, leal y transparente en relaci\u00f3n con el interesado y adecuados, pertinentes y limitados a lo que es necesario en relaci\u00f3n con los fines por los cu\u00e1les son tratados.<\/p>\n<p>El responsable garantiza que ha implementado pol\u00edticas t\u00e9cnicas y organizativas apropiadas para aplicar las medidas de seguridad que establecen el RGPD y la LOPD por tal de proteger los derechos y libertados de los Usuarios y les ha comunicado la informaci\u00f3n adecuada para que puedan ejercerlos.<\/p>\n<p><strong>4. Brechas de Seguridad<\/strong><\/p>\n<p>El Responsable informar\u00e1 sobre cualquier brecha de seguridad que afecte la base de datos que utiliza este sitio web, o que afecte a cualquiera de nuestros servicios de terceros, a todos y cada una de les personas, datos de los que puedan haber sido afectadas, y autoridades, dentro de las 72 horas siguientes a la detecci\u00f3n de la brecha.[\/vc_column_text][\/vc_column][\/vc_row]<\/p>\n<\/div>","protected":false},"excerpt":{"rendered":"<p>[vc_row css_animation=\u00bbelement_from_fade\u00bb row_type=\u00bbrow\u00bb use_row_as_full_screen_section=\u00bbno\u00bb type=\u00bbgrid\u00bb angled_section=\u00bbno\u00bb text_align=\u00bbleft\u00bb background_image_as_pattern=\u00bbwithout_pattern\u00bb el_class=\u00bbwelcome\u00bb z_index=\u00bb\u00bb][vc_column][vc_column_text]Bienvenidos a un nuevo espacio de odontolog\u00eda integrativa y personalizada donde tu salud es nuestra prioridad[\/vc_column_text][\/vc_column][\/vc_row][vc_row css_animation=\u00bbelement_from_fade\u00bb row_type=\u00bbrow\u00bb use_row_as_full_screen_section=\u00bbno\u00bb type=\u00bbgrid\u00bb angled_section=\u00bbno\u00bb&#8230;<\/p>\n","protected":false},"author":1,"featured_media":0,"parent":0,"menu_order":0,"comment_status":"closed","ping_status":"open","template":"full_width.php","meta":{"footnotes":""},"class_list":["post-3","page","type-page","status-publish","hentry"],"_links":{"self":[{"href":"https:\/\/www.kirafranch.com\/es\/wp-json\/wp\/v2\/pages\/3","targetHints":{"allow":["GET"]}}],"collection":[{"href":"https:\/\/www.kirafranch.com\/es\/wp-json\/wp\/v2\/pages"}],"about":[{"href":"https:\/\/www.kirafranch.com\/es\/wp-json\/wp\/v2\/types\/page"}],"author":[{"embeddable":true,"href":"https:\/\/www.kirafranch.com\/es\/wp-json\/wp\/v2\/users\/1"}],"replies":[{"embeddable":true,"href":"https:\/\/www.kirafranch.com\/es\/wp-json\/wp\/v2\/comments?post=3"}],"version-history":[{"count":9,"href":"https:\/\/www.kirafranch.com\/es\/wp-json\/wp\/v2\/pages\/3\/revisions"}],"predecessor-version":[{"id":784,"href":"https:\/\/www.kirafranch.com\/es\/wp-json\/wp\/v2\/pages\/3\/revisions\/784"}],"wp:attachment":[{"href":"https:\/\/www.kirafranch.com\/es\/wp-json\/wp\/v2\/media?parent=3"}],"curies":[{"name":"wp","href":"https:\/\/api.w.org\/{rel}","templated":true}]}}