{"id":244,"date":"2019-01-13T16:20:18","date_gmt":"2019-01-13T15:20:18","guid":{"rendered":"http:\/\/www.kirafranch.com\/?page_id=244"},"modified":"2019-04-26T10:51:27","modified_gmt":"2019-04-26T08:51:27","slug":"politica-cookies","status":"publish","type":"page","link":"https:\/\/www.kirafranch.com\/es\/politica-cookies\/","title":{"rendered":"Pol\u00edtica de cookies"},"content":{"rendered":"<div class=\"wpb-content-wrapper\"><p>[vc_row css_animation=\u00bbelement_from_fade\u00bb row_type=\u00bbrow\u00bb use_row_as_full_screen_section=\u00bbno\u00bb type=\u00bbgrid\u00bb angled_section=\u00bbno\u00bb text_align=\u00bbleft\u00bb background_image_as_pattern=\u00bbwithout_pattern\u00bb el_class=\u00bbwelcome\u00bb z_index=\u00bb\u00bb][vc_column][vc_column_text]Bienvenidos a un nuevo espacio de odontolog\u00eda integrativa y personalizada donde tu salud es nuestra prioridad[\/vc_column_text][\/vc_column][\/vc_row][vc_row css_animation=\u00bbelement_from_fade\u00bb row_type=\u00bbrow\u00bb use_row_as_full_screen_section=\u00bbno\u00bb type=\u00bbgrid\u00bb angled_section=\u00bbno\u00bb text_align=\u00bbleft\u00bb background_image_as_pattern=\u00bbwithout_pattern\u00bb padding_top=\u00bb40&#8243; padding_bottom=\u00bb40&#8243; z_index=\u00bb\u00bb][vc_column][vc_column_text]<\/p>\n<div class=\"wpb_text_column wpb_content_element \">\n<div class=\"wpb_wrapper\">\n<h4><b>\u00bfQu\u00e9 son las cookies?<\/b><\/h4>\n<p>Una cookie es un peque\u00f1o texto que un sitio web env\u00eda a tu navegador cuando lo visitas. La cookie ayuda al sitio web a recordar informaci\u00f3n sobre tu visita, como por ejemplo la preferencia de idioma y otros par\u00e1metros de configuraci\u00f3n.<\/p>\n<p>Esto puede hacer que tu pr\u00f3xima visita sea m\u00e1s f\u00e1cil y r\u00e1pida, y que la web te sea m\u00e1s \u00fatil.<\/p>\n<p>Las cookies son eficaces para mejorar tu experiencia de navegaci\u00f3n como usuario y se utilizan en la mayor\u00eda de sitios web.<\/p>\n<p>&nbsp;<\/p>\n<h4><b>\u00bfQu\u00e9 cookies utilizamos?<\/b><\/h4>\n<p>En nuestra web utilizamos cookies propias y de terceros con las siguientes finalidades:<\/p>\n<ul>\n<li>Recordar la preferencia de idioma del usuario.<\/li>\n<li>Facilitar la navegaci\u00f3n.<\/li>\n<li>Recopilar datos estad\u00edsticos sobre la utilizaci\u00f3n de nuestra web. Estos datos son an\u00f3nimos y sirven para proporcionarnos informaci\u00f3n como ahora el n\u00famero de visitantes, la duraci\u00f3n de la visita, las p\u00e1ginas visitadas, el navegador que utilizan nuestros usuarios o su resoluci\u00f3n de pantalla preferida.<\/li>\n<\/ul>\n<p>En ning\u00fan caso utilizaremos cookies con tus datos personales.<\/p>\n<p>Los datos obtenidos se utilizan para mejorar tu navegaci\u00f3n y para obtener informaci\u00f3n estad\u00edstica sobre el uso que hac\u00e9is los usuarios de nuestra web.<\/p>\n<p>Consideramos que las cookies son una herramienta \u00fatil para ofrecerte la mejor experiencia posible de navegaci\u00f3n.<\/p>\n<p>&nbsp;<\/p>\n<h4><b>\u00bfPuedo desactivar las cookies?<\/b><\/h4>\n<p>Los navegadores te permiten restringir, bloquear y borrar las cookies.<\/p>\n<p>Cada navegador tiene una configuraci\u00f3n diferente. Para ayudarte, a continuaci\u00f3n te indicamos los enlaces con las instrucciones para gestionar o bloquear las cookies de los navegadores m\u00e1s comunes:<\/p>\n<p>Chrome: <a href=\"https:\/\/support.google.com\/chrome\/answer\/95647?hl=ca\">configuraci\u00f3n de cookies<\/a><br \/>\nInternet Explorer: <a href=\"http:\/\/windows.microsoft.com\/es-es\/windows7\/how-to-manage-cookies-in-internet-explorer-9\">configuraci\u00f3n de cookies<\/a><br \/>\nFirefox: <a href=\"https:\/\/support.mozilla.org\/ca\/kb\/activa-i-desactiva-les-galetes-que-les-pagines-web\">configuraci\u00f3n de cookies<\/a><br \/>\nSafari: <a href=\"https:\/\/support.apple.com\/kb\/HT1677?viewlocale=es_ES\">configuraci\u00f3n de cookies<\/a><\/p>\n<\/div>\n<\/div>\n<p>[\/vc_column_text][\/vc_column][\/vc_row]<\/p>\n<\/div>","protected":false},"excerpt":{"rendered":"<p>[vc_row css_animation=\u00bbelement_from_fade\u00bb row_type=\u00bbrow\u00bb use_row_as_full_screen_section=\u00bbno\u00bb type=\u00bbgrid\u00bb angled_section=\u00bbno\u00bb text_align=\u00bbleft\u00bb background_image_as_pattern=\u00bbwithout_pattern\u00bb el_class=\u00bbwelcome\u00bb z_index=\u00bb\u00bb][vc_column][vc_column_text]Bienvenidos a un nuevo espacio de odontolog\u00eda integrativa y personalizada donde tu salud es nuestra prioridad[\/vc_column_text][\/vc_column][\/vc_row][vc_row css_animation=\u00bbelement_from_fade\u00bb row_type=\u00bbrow\u00bb use_row_as_full_screen_section=\u00bbno\u00bb type=\u00bbgrid\u00bb angled_section=\u00bbno\u00bb&#8230;<\/p>\n","protected":false},"author":1,"featured_media":0,"parent":0,"menu_order":0,"comment_status":"closed","ping_status":"closed","template":"full_width.php","meta":{"footnotes":""},"class_list":["post-244","page","type-page","status-publish","hentry"],"_links":{"self":[{"href":"https:\/\/www.kirafranch.com\/es\/wp-json\/wp\/v2\/pages\/244","targetHints":{"allow":["GET"]}}],"collection":[{"href":"https:\/\/www.kirafranch.com\/es\/wp-json\/wp\/v2\/pages"}],"about":[{"href":"https:\/\/www.kirafranch.com\/es\/wp-json\/wp\/v2\/types\/page"}],"author":[{"embeddable":true,"href":"https:\/\/www.kirafranch.com\/es\/wp-json\/wp\/v2\/users\/1"}],"replies":[{"embeddable":true,"href":"https:\/\/www.kirafranch.com\/es\/wp-json\/wp\/v2\/comments?post=244"}],"version-history":[{"count":5,"href":"https:\/\/www.kirafranch.com\/es\/wp-json\/wp\/v2\/pages\/244\/revisions"}],"predecessor-version":[{"id":601,"href":"https:\/\/www.kirafranch.com\/es\/wp-json\/wp\/v2\/pages\/244\/revisions\/601"}],"wp:attachment":[{"href":"https:\/\/www.kirafranch.com\/es\/wp-json\/wp\/v2\/media?parent=244"}],"curies":[{"name":"wp","href":"https:\/\/api.w.org\/{rel}","templated":true}]}}