{"id":188,"date":"2019-01-13T13:47:37","date_gmt":"2019-01-13T12:47:37","guid":{"rendered":"http:\/\/www.kirafranch.com\/?page_id=188"},"modified":"2025-01-15T10:42:55","modified_gmt":"2025-01-15T09:42:55","slug":"responsabilidad-social-corporativa","status":"publish","type":"page","link":"https:\/\/www.kirafranch.com\/es\/responsabilidad-social-corporativa\/","title":{"rendered":"Responsabilidad Social Corporativa"},"content":{"rendered":"<div class=\"wpb-content-wrapper\"><p>[vc_row css_animation=\u00bbelement_from_fade\u00bb row_type=\u00bbrow\u00bb use_row_as_full_screen_section=\u00bbno\u00bb type=\u00bbgrid\u00bb angled_section=\u00bbno\u00bb text_align=\u00bbleft\u00bb background_image_as_pattern=\u00bbwithout_pattern\u00bb el_class=\u00bbwelcome\u00bb z_index=\u00bb\u00bb][vc_column][vc_column_text]Bienvenidos a un nuevo espacio de odontolog\u00eda integrativa y personalizada donde tu salud es nuestra prioridad<\/p>\n<p>[\/vc_column_text][\/vc_column][\/vc_row][vc_row css_animation=\u00bbelement_from_fade\u00bb row_type=\u00bbrow\u00bb use_row_as_full_screen_section=\u00bbno\u00bb type=\u00bbgrid\u00bb angled_section=\u00bbno\u00bb text_align=\u00bbleft\u00bb background_image_as_pattern=\u00bbwithout_pattern\u00bb z_index=\u00bb\u00bb][vc_column][vc_column_text el_class=\u00bbsection_title\u00bb]<\/p>\n<h1 style=\"text-align: center;\">Cl\u00ednica dental Kira Franch<\/h1>\n<h2 style=\"text-align: center;\">Ohana, somriures pel m\u00f3n<\/h2>\n<p style=\"text-align: center;\">Creemos que es un derecho para todo el mundo disfrutar de una buena calidad de vida y por eso colaboramos en proyectos sociales ofreciendo nuestros servicios de manera altruista a las personas de Poliny\u00e0 en riesgo de exclusi\u00f3n social y en forma de voluntariado en otros pa\u00edses. Esta visi\u00f3n humanitaria la llevamos a cabo mediante nuestra asociaci\u00f3n sin \u00e1nimo de lucro llamada <strong>Ohana, somriures pel m\u00f3n.<\/strong><\/p>\n<p>[\/vc_column_text][vc_separator type=\u00bbtransparent\u00bb up=\u00bb10&#8243;]<div class=\"qode-advanced-image-gallery rsc_slider qode-aig-slider-type qode-no-space   \">\n\t<div class=\"qode-aig-slider qode-owl-slider\" data-number-of-items=\"1\" data-enable-loop=\"yes\" data-enable-autoplay=\"yes\" data-slider-speed=\"5000\" data-slider-speed-animation=\"600\" data-slider-padding=\"no\" data-enable-navigation=\"yes\" data-enable-pagination=\"no\">\n\t\t\t\t\t<div class=\"qode-aig-image\">\n\t\t\t\t\t\t\t\t\t<img loading=\"lazy\" decoding=\"async\" src=\"https:\/\/www.kirafranch.com\/wp-content\/uploads\/2019\/04\/rsc0-1000x580.jpg\" alt=\"\" width=\"1000\" height=\"580\" \/>\t\t\t\t\t<span class=\"aig-gallery-hover\">\n\t\t\t\t\t\t\t\t\t\t\t<\/span>\n\t\t\t\t\t\t\t<\/div>\n\t\t\t\t\t<div class=\"qode-aig-image\">\n\t\t\t\t\t\t\t\t\t<img loading=\"lazy\" decoding=\"async\" src=\"https:\/\/www.kirafranch.com\/wp-content\/uploads\/2019\/04\/rsc1-1000x580.jpg\" alt=\"\" width=\"1000\" height=\"580\" \/>\t\t\t\t\t<span class=\"aig-gallery-hover\">\n\t\t\t\t\t\t\t\t\t\t\t<\/span>\n\t\t\t\t\t\t\t<\/div>\n\t\t\t\t\t<div class=\"qode-aig-image\">\n\t\t\t\t\t\t\t\t\t<img loading=\"lazy\" decoding=\"async\" src=\"https:\/\/www.kirafranch.com\/wp-content\/uploads\/2019\/04\/rsc2-1000x580.jpg\" alt=\"\" width=\"1000\" height=\"580\" \/>\t\t\t\t\t<span class=\"aig-gallery-hover\">\n\t\t\t\t\t\t\t\t\t\t\t<\/span>\n\t\t\t\t\t\t\t<\/div>\n\t\t\t\t\t<div class=\"qode-aig-image\">\n\t\t\t\t\t\t\t\t\t<img loading=\"lazy\" decoding=\"async\" src=\"https:\/\/www.kirafranch.com\/wp-content\/uploads\/2019\/04\/rsc3-1000x580.jpg\" alt=\"\" width=\"1000\" height=\"580\" \/>\t\t\t\t\t<span class=\"aig-gallery-hover\">\n\t\t\t\t\t\t\t\t\t\t\t<\/span>\n\t\t\t\t\t\t\t<\/div>\n\t\t\t\t\t<div class=\"qode-aig-image\">\n\t\t\t\t\t\t\t\t\t<img loading=\"lazy\" decoding=\"async\" src=\"https:\/\/www.kirafranch.com\/wp-content\/uploads\/2019\/04\/rsc4-1000x580.jpg\" alt=\"\" width=\"1000\" height=\"580\" \/>\t\t\t\t\t<span class=\"aig-gallery-hover\">\n\t\t\t\t\t\t\t\t\t\t\t<\/span>\n\t\t\t\t\t\t\t<\/div>\n\t\t\t\t\t<div class=\"qode-aig-image\">\n\t\t\t\t\t\t\t\t\t<img loading=\"lazy\" decoding=\"async\" src=\"https:\/\/www.kirafranch.com\/wp-content\/uploads\/2019\/04\/rsc5-1000x580.jpg\" alt=\"\" width=\"1000\" height=\"580\" \/>\t\t\t\t\t<span class=\"aig-gallery-hover\">\n\t\t\t\t\t\t\t\t\t\t\t<\/span>\n\t\t\t\t\t\t\t<\/div>\n\t\t\t\t\t<div class=\"qode-aig-image\">\n\t\t\t\t\t\t\t\t\t<img loading=\"lazy\" decoding=\"async\" src=\"https:\/\/www.kirafranch.com\/wp-content\/uploads\/2019\/04\/rsc6-1000x580.jpg\" alt=\"\" width=\"1000\" height=\"580\" \/>\t\t\t\t\t<span class=\"aig-gallery-hover\">\n\t\t\t\t\t\t\t\t\t\t\t<\/span>\n\t\t\t\t\t\t\t<\/div>\n\t\t\t\t\t<div class=\"qode-aig-image\">\n\t\t\t\t\t\t\t\t\t<img loading=\"lazy\" decoding=\"async\" src=\"https:\/\/www.kirafranch.com\/wp-content\/uploads\/2019\/04\/rsc7-1000x580.jpg\" alt=\"\" width=\"1000\" height=\"580\" \/>\t\t\t\t\t<span class=\"aig-gallery-hover\">\n\t\t\t\t\t\t\t\t\t\t\t<\/span>\n\t\t\t\t\t\t\t<\/div>\n\t\t\t\t\t<div class=\"qode-aig-image\">\n\t\t\t\t\t\t\t\t\t<img loading=\"lazy\" decoding=\"async\" src=\"https:\/\/www.kirafranch.com\/wp-content\/uploads\/2019\/04\/rsc8-1000x580.jpg\" alt=\"\" width=\"1000\" height=\"580\" \/>\t\t\t\t\t<span class=\"aig-gallery-hover\">\n\t\t\t\t\t\t\t\t\t\t\t<\/span>\n\t\t\t\t\t\t\t<\/div>\n\t\t\t<\/div>\n<\/div>[\/vc_column][\/vc_row][vc_row css_animation=\u00bbelement_from_fade\u00bb row_type=\u00bbrow\u00bb use_row_as_full_screen_section=\u00bbno\u00bb type=\u00bbgrid\u00bb angled_section=\u00bbno\u00bb text_align=\u00bbleft\u00bb background_image_as_pattern=\u00bbwithout_pattern\u00bb padding_top=\u00bb60&#8243; padding_bottom=\u00bb100&#8243; z_index=\u00bb\u00bb][vc_column width=\u00bb5\/12&#8243; el_class=\u00bbespecialitats_img\u00bb][vc_column_text]<\/p>\n<p style=\"text-align: center;\">SI QUIERES CONOCER NUESTROS PROYECTOS,<br \/>\nVISITANOS EN NUESTRAS REDES SOCIALES:<\/p>\n<p>[\/vc_column_text][vc_separator type=\u00bbtransparent\u00bb up=\u00bb20&#8243;][vc_single_image image=\u00bb195&#8243; img_size=\u00bbfull\u00bb alignment=\u00bbcenter\u00bb qode_css_animation=\u00bb\u00bb][vc_separator type=\u00bbtransparent\u00bb up=\u00bb10&#8243;][vc_column_text el_class=\u00bbweburl\u00bb]<\/p>\n<p style=\"text-align: center;\"><a href=\"https:\/\/www.ohanadental.org\">www.ohanadental.org<\/a><\/p>\n<p>[\/vc_column_text][vc_separator type=\u00bbtransparent\u00bb up=\u00bb10&#8243;][vc_column_text el_class=\u00bbsocial_icons\u00bb]<a href=\"https:\/\/www.facebook.com\/ohanadental\/\"><img loading=\"lazy\" decoding=\"async\" class=\"alignnone wp-image-198 size-full\" src=\"http:\/\/www.kirafranch.com\/wp-content\/uploads\/2019\/01\/icon_fb.png\" alt=\"\" width=\"34\" height=\"34\" \/><\/a> <a href=\"https:\/\/www.instagram.com\/ohana_dentistes\/\"><img loading=\"lazy\" decoding=\"async\" class=\"alignnone wp-image-200 size-full\" src=\"http:\/\/www.kirafranch.com\/wp-content\/uploads\/2019\/01\/icon_instagram.png\" alt=\"\" width=\"34\" height=\"34\" \/><\/a>[\/vc_column_text][vc_separator type=\u00bbtransparent\u00bb up=\u00bb50&#8243;][\/vc_column][vc_column width=\u00bb7\/12&#8243;][vc_column_text css=\u00bb\u00bb]Desde el a\u00f1o 2009 realizamos voluntariados en diferentes pa\u00edses donde la atenci\u00f3n bucodental no est\u00e1 al alcance de todos. Hemos colaborado en Senegal, Ghana, Camer\u00fan, Rwanda, Uganda, Malawi, Campos de personas refugiadas en Grecia y Argentina.<\/p>\n<p>Dada la emergencia humanitaria que viven las personas refugiadas, en el 2016 colaboramos en diferentes campos de refugiados de Grecia. Desde entonces hemos iniciado proyectos de atenci\u00f3n a persones refugiadas que ya viven en Catalu\u00f1a, colaborando con Refugees Welcome desde septiembre del 2017.<\/p>\n<p>Tambi\u00e9n hemos atendido a los ni\u00f1os y ni\u00f1as saharauis que vienen a pasar el verano con familias catalanas, colaborando con Sabadell Wilaia (a\u00f1o 2018).<\/p>\n<p>En la actualidad y desde hace 5 a\u00f1os, colaboramos con Caritas, atendiendo a personas que est\u00e1n en riesgo de exclusi\u00f3n social.[\/vc_column_text][\/vc_column][\/vc_row][vc_row css_animation=\u00bbelement_from_fade\u00bb row_type=\u00bbrow\u00bb use_row_as_full_screen_section=\u00bbno\u00bb type=\u00bbfull_width\u00bb angled_section=\u00bbno\u00bb text_align=\u00bbleft\u00bb background_image_as_pattern=\u00bbwithout_pattern\u00bb z_index=\u00bb\u00bb el_class=\u00bbohana\u00bb][vc_column]<div class=\"q_image_with_text_over\"><div class=\"shader\" ><\/div><img decoding=\"async\" itemprop=\"image\" src=\"https:\/\/www.kirafranch.com\/wp-content\/uploads\/2019\/01\/bgchico-1.jpg\" alt=\"\" \/><div class=\"text\"><table><tr><td><h3 class=\"caption no_icon\" style=\"\"><\/h3><\/td><\/tr><\/table><table><tr><td><div class=\"desc\"><\/p>\n<h5 style=\"text-align: center;\">Ohana, somriures pel m\u00f3n<\/h5>\n<p style=\"text-align: center;\">Colaboramos en proyectos sociales ofreciendo nuestros servicios de manera altruista a las personas de Poliny\u00e0 en riesgo de exclusi\u00f3n social y realizamos voluntariados en diferentes pa\u00edses donde la atenci\u00f3n bucodental no est\u00e1 al alcance de todos, como Senegal, Ghana, Camer\u00fan, Rwanda, Uganda y Malawi.<\/p>\n<p><\/div><\/td><\/tr><\/table><\/div><\/div>[\/vc_column][\/vc_row]<\/p>\n<\/div>","protected":false},"excerpt":{"rendered":"<p>[vc_row css_animation=\u00bbelement_from_fade\u00bb row_type=\u00bbrow\u00bb use_row_as_full_screen_section=\u00bbno\u00bb type=\u00bbgrid\u00bb angled_section=\u00bbno\u00bb text_align=\u00bbleft\u00bb background_image_as_pattern=\u00bbwithout_pattern\u00bb el_class=\u00bbwelcome\u00bb z_index=\u00bb\u00bb][vc_column][vc_column_text]Bienvenidos a un nuevo espacio de odontolog\u00eda integrativa y personalizada donde tu salud es nuestra prioridad [\/vc_column_text][\/vc_column][\/vc_row][vc_row css_animation=\u00bbelement_from_fade\u00bb row_type=\u00bbrow\u00bb use_row_as_full_screen_section=\u00bbno\u00bb type=\u00bbgrid\u00bb&#8230;<\/p>\n","protected":false},"author":1,"featured_media":0,"parent":0,"menu_order":0,"comment_status":"closed","ping_status":"closed","template":"full_width.php","meta":{"footnotes":""},"class_list":["post-188","page","type-page","status-publish","hentry"],"_links":{"self":[{"href":"https:\/\/www.kirafranch.com\/es\/wp-json\/wp\/v2\/pages\/188","targetHints":{"allow":["GET"]}}],"collection":[{"href":"https:\/\/www.kirafranch.com\/es\/wp-json\/wp\/v2\/pages"}],"about":[{"href":"https:\/\/www.kirafranch.com\/es\/wp-json\/wp\/v2\/types\/page"}],"author":[{"embeddable":true,"href":"https:\/\/www.kirafranch.com\/es\/wp-json\/wp\/v2\/users\/1"}],"replies":[{"embeddable":true,"href":"https:\/\/www.kirafranch.com\/es\/wp-json\/wp\/v2\/comments?post=188"}],"version-history":[{"count":26,"href":"https:\/\/www.kirafranch.com\/es\/wp-json\/wp\/v2\/pages\/188\/revisions"}],"predecessor-version":[{"id":2651,"href":"https:\/\/www.kirafranch.com\/es\/wp-json\/wp\/v2\/pages\/188\/revisions\/2651"}],"wp:attachment":[{"href":"https:\/\/www.kirafranch.com\/es\/wp-json\/wp\/v2\/media?parent=188"}],"curies":[{"name":"wp","href":"https:\/\/api.w.org\/{rel}","templated":true}]}}